{"id":2137,"date":"2018-07-08T17:59:56","date_gmt":"2018-07-08T15:59:56","guid":{"rendered":"http:\/\/natexgroup.com\/conditions-de-livraison\/"},"modified":"2020-11-10T12:46:20","modified_gmt":"2020-11-10T11:46:20","slug":"conditions-de-livraison","status":"publish","type":"page","link":"https:\/\/www.natexgroup.com\/fr\/conditions-de-livraison\/","title":{"rendered":"conditions de livraison"},"content":{"rendered":"<div class=\"fusion-fullwidth fullwidth-box fusion-builder-row-1 nonhundred-percent-fullwidth non-hundred-percent-height-scrolling\" style=\"--awb-border-radius-top-left:0px;--awb-border-radius-top-right:0px;--awb-border-radius-bottom-right:0px;--awb-border-radius-bottom-left:0px;--awb-flex-wrap:wrap;\" ><div class=\"fusion-builder-row fusion-row\"><div class=\"fusion-layout-column fusion_builder_column fusion-builder-column-0 fusion_builder_column_1_1 1_1 fusion-one-full fusion-column-first fusion-column-last\" style=\"--awb-bg-size:cover;--awb-margin-bottom:0px;\"><div class=\"fusion-column-wrapper fusion-flex-column-wrapper-legacy\"><div class=\"fusion-text fusion-text-1\"><h2>Livraison<\/h2>\n<p><span style=\"text-decoration: underline;\">national:<\/span><\/p>\n<p>Tarif forfaitaire: \u00a0\u20ac 4,90<\/p>\n<p>\u00c0 retirer au bureau:<\/p>\n<p><strong>natex Spitzen GmbH &amp; Co KG<\/strong><br \/>\nSennemahd 6<br \/>\n6840 G\u00f6tzis<br \/>\nAutriche<\/p>\n<p>Du lundi \u00e0 jeudi du 10 \u2013 12 h ou selon arrangement<\/p>\n<p><u>Zone UE 1:<\/u><br \/>\nBelgique, Croatie, R\u00e9publique tch\u00e8que, Allemagne, Hongrie, Italie, Luxembourg, Pays-Bas, Slovaquie, Slov\u00e9nie<\/p>\n<p>Tarif forfaitaire: \u00a0\u20ac 14,90<\/p>\n<p><u>Zone UE 2:<\/u><\/p>\n<p>Chypre, Bulgarie, Danemark, Estonie, Finlande, France, Irlande, Lettonie, Lituanie, Pologne<\/p>\n<p>Tarif forfaitaire: \u00a0\u20ac 17,90<\/p>\n<p><em>Veuillez contacter notre bureau si vous \u00eates dans un pays qui n\u2019est mentionn\u00e9 pas ici.<\/em><\/p>\n<\/div><div class=\"fusion-clearfix\"><\/div><\/div><\/div><\/div><\/div>\n","protected":false},"excerpt":{"rendered":"","protected":false},"author":3,"featured_media":0,"parent":0,"menu_order":0,"comment_status":"closed","ping_status":"closed","template":"","meta":{"footnotes":""},"class_list":["post-2137","page","type-page","status-publish","hentry"],"_links":{"self":[{"href":"https:\/\/www.natexgroup.com\/fr\/wp-json\/wp\/v2\/pages\/2137","targetHints":{"allow":["GET"]}}],"collection":[{"href":"https:\/\/www.natexgroup.com\/fr\/wp-json\/wp\/v2\/pages"}],"about":[{"href":"https:\/\/www.natexgroup.com\/fr\/wp-json\/wp\/v2\/types\/page"}],"author":[{"embeddable":true,"href":"https:\/\/www.natexgroup.com\/fr\/wp-json\/wp\/v2\/users\/3"}],"replies":[{"embeddable":true,"href":"https:\/\/www.natexgroup.com\/fr\/wp-json\/wp\/v2\/comments?post=2137"}],"version-history":[{"count":0,"href":"https:\/\/www.natexgroup.com\/fr\/wp-json\/wp\/v2\/pages\/2137\/revisions"}],"wp:attachment":[{"href":"https:\/\/www.natexgroup.com\/fr\/wp-json\/wp\/v2\/media?parent=2137"}],"curies":[{"name":"wp","href":"https:\/\/api.w.org\/{rel}","templated":true}]}}